{"id":158,"date":"2018-12-08T08:51:58","date_gmt":"2018-12-08T08:51:58","guid":{"rendered":"https:\/\/themeplanet.club\/graphicmarket\/?page_id=158"},"modified":"2021-05-09T16:10:11","modified_gmt":"2021-05-09T14:10:11","slug":"politica-di-rimborso","status":"publish","type":"page","link":"https:\/\/licensefree.it\/it\/politica-di-rimborso\/","title":{"rendered":"Politica di rimborso"},"content":{"rendered":"<div class=\"wpb-content-wrapper\"><p>[vc_row][vc_column][vc_column_text]<\/p>\n<h2>Politica di rimborso o sostituzione<\/h2>\n<p>lalicenza.it ha adottato la politica <strong>&#8220;Soddisfatti o Rimborsati&#8221;<\/strong>\u00a0con garanzia rimborso 100%.<br \/>\nDiamo la possibilit\u00e0 di restituire o sostituire il prodotto nel caso in cui tu abbia sbagliato ad acquistare. Il nostro servizio clienti accoglier\u00e0 ogni tua richiesta ed il nostro team di tecnici sar\u00e0 subito disponibile ad aiutarti a risolvere ogni problema.<\/p>\n<p>.<\/p>\n<p><strong>RESI &amp; RIMBORSI\u00a0<\/strong><\/p>\n<p><strong>1.1<\/strong>\u00a0&#8211; Il tuo reso o rimborso sar\u00e0 subito approvato se:<\/p>\n<ul class=\"elencoNormale\">\n<li><em>Il cliente dichiara di aver sbagliato ad effettuare l&#8217;acquisto e non abbia attivato il prodotto.<\/em><\/li>\n<li><em>Il cliente dichiara che il prodotto non funziona. (il cliente dovr\u00e0 fornire prove comprovanti di tale dichiarazione)<\/em><\/li>\n<li><em>Il cliente dichiara che\u00a0il prodotto non \u00e8 stato utilizzato e non lo utilizzer\u00e0 in futuro.<\/em><\/li>\n<li><em>Il cliente dichiara che il prodotto non \u00e8 stato ceduto a terzi e non sar\u00e0 ceduto in futuro.<\/em><\/li>\n<\/ul>\n<p>&nbsp;<\/p>\n<p><strong>SOSTITUZIONE<\/strong><\/p>\n<p><strong>1.2<\/strong>\u00a0&#8211;\u00a0la tua richiesta di sostituzione sar\u00e0 subito approvata\u00a0se:<\/p>\n<ul class=\"elencoNormale\">\n<li>\n<ul class=\"elencoNormale\">\n<li>Il cliente dichiara di aver sbagliato ad effettuare l&#8217;acquisto e non abbia attivato il prodotto.<\/li>\n<li>Il cliente dichiara che il prodotto non funziona. (il cliente dovr\u00e0 fornire prove comprovanti di tale dichiarazione)<\/li>\n<li>Il cliente dichiara che\u00a0il prodotto non \u00e8 stato utilizzato da e non lo utilizzer\u00e0 in futuro.<\/li>\n<li>Il cliente dichiara che il prodotto non \u00e8 stato ceduto a terzi e non sar\u00e0 ceduto in futuro.<\/li>\n<\/ul>\n<\/li>\n<\/ul>\n<p>Se le richieste rispettano i requisiti del punto 1.1 il rimborso sar\u00e0 emesso entro 24 ore.<\/p>\n<p><em>In ogni caso tutti i prodotti che saranno sostituiti o restituiti verranno bloccati e non saranno pi\u00f9 utilizzabili. Nel caso siano gi\u00e0 stati attivati non sar\u00e0 emesso nessun rimborso o sostituzione.<\/em><\/p>\n<p><strong>Per qualsiasi richiesta ed in qualsiasi momento il nostro servizio clienti sar\u00e0 sempre lieto di assisterti ed il nostro team sar\u00e0 sempre a tua completa disposizione sia tramite whatsapp, Messenger, form di contatto e per mail all&#8217;indirizzo <a href=\"mailto:info@lalicenza.it\">info@lalicenza.it<\/a><\/strong>[\/vc_column_text][\/vc_column][\/vc_row]<\/p>\n<\/div>","protected":false},"excerpt":{"rendered":"<p>[vc_row][vc_column][vc_column_text] Politica di rimborso o sostituzione lalicenza.it ha adottato la politica &#8220;Soddisfatti o Rimborsati&#8221;\u00a0con garanzia rimborso 100%. Diamo la possibilit\u00e0 di restituire o sostituire il prodotto nel caso in cui tu abbia sbagliato ad acquistare. Il nostro servizio clienti accoglier\u00e0 ogni tua richiesta ed il nostro team di tecnici sar\u00e0 subito disponibile ad aiutarti a [&hellip;]<\/p>\n","protected":false},"author":371,"featured_media":0,"parent":0,"menu_order":0,"comment_status":"closed","ping_status":"closed","template":"","meta":{"_acf_changed":false,"_seopress_robots_primary_cat":"","_seopress_titles_title":"","_seopress_titles_desc":"","_seopress_robots_index":"","inline_featured_image":false,"footnotes":""},"class_list":["post-158","page","type-page","status-publish","hentry"],"acf":[],"_links":{"self":[{"href":"https:\/\/licensefree.it\/it\/wp-json\/wp\/v2\/pages\/158","targetHints":{"allow":["GET"]}}],"collection":[{"href":"https:\/\/licensefree.it\/it\/wp-json\/wp\/v2\/pages"}],"about":[{"href":"https:\/\/licensefree.it\/it\/wp-json\/wp\/v2\/types\/page"}],"author":[{"embeddable":true,"href":"https:\/\/licensefree.it\/it\/wp-json\/wp\/v2\/users\/371"}],"replies":[{"embeddable":true,"href":"https:\/\/licensefree.it\/it\/wp-json\/wp\/v2\/comments?post=158"}],"version-history":[{"count":0,"href":"https:\/\/licensefree.it\/it\/wp-json\/wp\/v2\/pages\/158\/revisions"}],"wp:attachment":[{"href":"https:\/\/licensefree.it\/it\/wp-json\/wp\/v2\/media?parent=158"}],"curies":[{"name":"wp","href":"https:\/\/api.w.org\/{rel}","templated":true}]}}